{"id":3738,"date":"2021-01-26T12:04:13","date_gmt":"2021-01-26T12:04:13","guid":{"rendered":"https:\/\/n7-golf-club.themerex.net\/?page_id=3738"},"modified":"2025-11-15T17:25:04","modified_gmt":"2025-11-15T17:25:04","slug":"presentation-du-cnoss-2","status":"publish","type":"page","link":"https:\/\/cnoss.sn\/?page_id=3738","title":{"rendered":"Pr\u00e9sentation"},"content":{"rendered":"<p><a href=\"#anchor\"><br \/>\n<\/a><br \/>\nLE CNOSS<\/p>\n<h1>Rappel Historique<\/h1>\n<p>Le comit\u00e9 National Olympique du S\u00e9n\u00e9gal\u00a0 a \u00e9t\u00e9 cr\u00e9\u00e9 le 31 ao\u00fbt 1961 par un groupe de sportifs dont les plus connus sont\u00a0: <strong><em>Amadou Barry, Joseph Gomis, Demba Diop, Oumar Diouf, Latif Gu\u00e8ye, Alioune Fall, Papa Gallo Thiam, K\u00e9ba Mbaye et Iba Mar Diop<\/em><\/strong>..<\/p>\n<p>La pr\u00e9sidence de ce comit\u00e9 sera confi\u00e9e \u00e0 Monsieur Amadou BARRY qui conduira la candidature du S\u00e9n\u00e9gal jusqu\u2019\u00e0 sa reconnaissance par le Comit\u00e9 International Olympique le 16 octobre 1963, lors du Congr\u00e8s de Baden Baden en Allemagne.<\/p>\n<p>A compter de cette date, le Comit\u00e9 National Olympique du S\u00e9n\u00e9gal est reconnu membre du CIO et les athl\u00e8tes s\u00e9n\u00e9galais participent aux Jeux Olympiques de Tokyo en 1964, sous les couleurs s\u00e9n\u00e9galaises et \u00e0 tous les JO organis\u00e9s jusqu\u2019\u00e0 nos jours.<\/p>\n<p><strong><u>Pr\u00e9sidents successifs<\/u><\/strong>:<\/p>\n<ol>\n<li>\u00a0\u00a0\u00a0\u00a0 Amadou BARRY\u00a0: \u00a0\u00a0\u00a0\u00a0\u00a0\u00a0\u00a0\u00a0\u00a0\u00a0\u00a0\u00a0\u00a0\u00a0\u00a0\u00a0\u00a0\u00a0\u00a0\u00a0 1961 \u2013 1969<\/li>\n<li>\u00a0\u00a0\u00a0\u00a0 Henri Joseph DIEME\u00a0: \u00a0\u00a0\u00a0\u00a0\u00a0\u00a0\u00a0\u00a0\u00a0\u00a0\u00a0\u00a0\u00a0\u00a0 1969 \u2013 1977<\/li>\n<li>\u00a0\u00a0\u00a0\u00a0 Habib THIAM\u00a0:\u00a0\u00a0\u00a0\u00a0\u00a0\u00a0\u00a0\u00a0\u00a0\u00a0\u00a0\u00a0\u00a0\u00a0\u00a0\u00a0\u00a0\u00a0\u00a0\u00a0\u00a0\u00a0\u00a0\u00a0 1977 \u2013 1979<\/li>\n<li>\u00a0\u00a0\u00a0\u00a0 Pr Iba Mar DIOP\u00a0:\u00a0\u00a0\u00a0\u00a0\u00a0\u00a0\u00a0\u00a0\u00a0\u00a0\u00a0\u00a0\u00a0\u00a0\u00a0\u00a0\u00a0\u00a0\u00a0\u00a0 1979 \u2013 1985<\/li>\n<li>\u00a0\u00a0\u00a0\u00a0 Lamine DIACK\u00a0:\u00a0\u00a0\u00a0\u00a0\u00a0\u00a0\u00a0\u00a0\u00a0\u00a0\u00a0\u00a0\u00a0\u00a0\u00a0\u00a0\u00a0\u00a0\u00a0\u00a0\u00a0\u00a0\u00a0 1985 \u2013 2002<\/li>\n<li>\u00a0\u00a0\u00a0\u00a0 Abdoulaye SEYE\u00a0:\u00a0\u00a0\u00a0\u00a0\u00a0\u00a0\u00a0\u00a0\u00a0\u00a0\u00a0\u00a0\u00a0\u00a0\u00a0\u00a0\u00a0\u00a0\u00a0\u00a0 2002 \u2013 2006<\/li>\n<li>\u00a0\u00a0\u00a0\u00a0 Mamadou Diagna NDIAYE\u00a0: depuis 2006<\/li>\n<\/ol>\n<p><strong>PRESENTATION DU CNOSS<\/strong><\/p>\n<p><strong>Le Comit\u00e9 National Olympique et Sportif S\u00e9n\u00e9galais\u00a0 <\/strong>est une association de type sportif\u00a0 \u00e0 but non lucratif \u00a0regroupant les f\u00e9d\u00e9rations et les organisations sportives.<\/p>\n<p>Le Comit\u00e9 National Olympique et Sportif S\u00e9n\u00e9galais n\u2019est pas d\u00e9l\u00e9gataire de pouvoirs du Minist\u00e8re des Sports, mais l\u2019interlocuteur privil\u00e9gi\u00e9 et son conseiller en mati\u00e8re de politique sportive comme indiqu\u00e9 dans l\u2019article 39 de la Loi 84-59 du 23 mai 1984 , portant Charte du Sport.<\/p>\n<p>La nature du CNOSS est double :<\/p>\n<ul>\n<li>il constitue l\u2019unique repr\u00e9sentant du CIO sur le territoire s\u00e9n\u00e9galais<\/li>\n<li>il a vocation d\u2019unir en son sein le mouvement sportif s\u00e9n\u00e9galais.<\/li>\n<\/ul>\n<p><strong>LES MISSIONS DU CNOSS<\/strong><\/p>\n<ol>\n<li><strong>Propager les principes fondamentaux de l\u2019Olympisme<\/strong><strong> \u00e9nonc\u00e9s dans la Charte Olympique<\/strong><\/li>\n<li><strong>Promouvoir l\u2019unit\u00e9 du mouvement sportif<\/strong><\/li>\n<\/ol>\n<p>En\u00a0 repr\u00e9sentant le mouvement sportif\u00a0 dans les instances dont l\u2019objet est de contribuer\u00a0 au d\u00e9veloppement du sport. ;<\/p>\n<p>En facilitant\u00a0 le r\u00e8glement des conflits n\u00e9s au sein du mouvement sportif, par voie de conciliation ou d\u2019arbitrage ;<\/p>\n<p>En agissant\u00a0 pour la d\u00e9fense des int\u00e9r\u00eats collectifs du mouvement sportif.<\/p>\n<p><img decoding=\"async\" title=\"Women_400_m_French_Athletics_Championships_2013_t152114\" src=\"https:\/\/cnoss.sn\/wp-content\/uploads\/elementor\/thumbs\/Women_400_m_French_Athletics_Championships_2013_t152114-scaled-pyhetkwhed4p9vk36lqw8b7jyl9jazvhtyeb50a0s6.jpeg\" alt=\"Women_400_m_French_Athletics_Championships_2013_t152114\" \/><\/p>\n<p>LE CNOSS<\/p>\n<h1>La GOUVERNANCE<\/h1>\n<ul>\n<li><strong>L\u2019Assembl\u00e9e G\u00e9n\u00e9rale <\/strong>: constitue l\u2019organe supr\u00eame du CNOSS\u00a0;\u00a0 elle r\u00e9unit l\u2019ensemble des\u00a0 organisations sportives\u00a0 affili\u00e9es, ainsi que\u00a0 plus les membres de droit et les personnes coopt\u00e9es. Elle d\u00e9termine la politique g\u00e9n\u00e9rale du comit\u00e9, fixe les objectifs, \u00e9value ses actions et \u00e9lit \u00a0le Comit\u00e9 Directeur.<\/li>\n<li><strong>Le Comit\u00e9 Directeur\u00a0<\/strong>joue le r\u00f4le de conseil d\u2019administration\u00a0: il veille au suivi et \u00e0 l\u2019ex\u00e9cution des recommandations de l\u2019assembl\u00e9e g\u00e9n\u00e9rale. Il est compos\u00e9 de 45 membres\u00a0 ainsi r\u00e9partis :\n<ul>\n<li><strong><em>Membres de droit (08<\/em>)\u00a0: (membres de BE d\u2019\u2019organisations internationales)<\/strong><\/li>\n<li><strong>F<em>\u00e9d\u00e9rations olympiques (15)<\/em>\u00a0<\/strong><\/li>\n<li><strong><em>F\u00e9d\u00e9rations non olympiques (07)\u00a0<\/em><\/strong><\/li>\n<li><strong><em>Organismes multisports (05)\u00a0<\/em><\/strong><\/li>\n<li><strong><em>Membres coopt\u00e9s par l\u2019Assembl\u00e9e G\u00e9n\u00e9rale (09<\/em>)<\/strong><\/li>\n<\/ul>\n<\/li>\n<li><strong>Le Bureau Ex\u00e9cutif <\/strong>\n<ul>\n<li>1 Pr\u00e9sident<\/li>\n<li>6 Vice Pr\u00e9sidents<\/li>\n<li>1 Secr\u00e9taire G\u00e9n\u00e9ral<\/li>\n<li>1 Secr\u00e9taire G\u00e9n\u00e9ral\u00a0Adjoint<\/li>\n<li>1 Tr\u00e9sorier\u00a0 G\u00e9n\u00e9ral<\/li>\n<li>1 Tr\u00e9sorier\u00a0 G\u00e9n\u00e9ral\u00a0Adjoint<\/li>\n<li>2 membres simples<\/li>\n<\/ul>\n<\/li>\n<\/ul>\n<p><a href=\"https:\/\/cnoss.sn\/standard\/\">ACTUALIT\u00c9S<\/a><br \/>\nLE CNOSS<\/p>\n<h1>Nos Missions<\/h1>\n<p><img fetchpriority=\"high\" decoding=\"async\" src=\"https:\/\/cnoss.sn\/wp-content\/uploads\/2022\/12\/Representant-au-Senegal-du-Comite-International-Olympique.png\" sizes=\"(max-width: 1000px) 100vw, 1000px\" srcset=\"https:\/\/cnoss.sn\/wp-content\/uploads\/2022\/12\/Representant-au-Senegal-du-Comite-International-Olympique.png 1000w, https:\/\/cnoss.sn\/wp-content\/uploads\/2022\/12\/Representant-au-Senegal-du-Comite-International-Olympique-600x340.png 600w, https:\/\/cnoss.sn\/wp-content\/uploads\/2022\/12\/Representant-au-Senegal-du-Comite-International-Olympique-300x170.png 300w, https:\/\/cnoss.sn\/wp-content\/uploads\/2022\/12\/Representant-au-Senegal-du-Comite-International-Olympique-768x435.png 768w, https:\/\/cnoss.sn\/wp-content\/uploads\/2022\/12\/Representant-au-Senegal-du-Comite-International-Olympique-370x209.png 370w, https:\/\/cnoss.sn\/wp-content\/uploads\/2022\/12\/Representant-au-Senegal-du-Comite-International-Olympique-840x475.png 840w, https:\/\/cnoss.sn\/wp-content\/uploads\/2022\/12\/Representant-au-Senegal-du-Comite-International-Olympique-410x232.png 410w, https:\/\/cnoss.sn\/wp-content\/uploads\/2022\/12\/Representant-au-Senegal-du-Comite-International-Olympique-270x152.png 270w\" alt=\"\" width=\"1000\" height=\"566\" \/><br \/>\n<img decoding=\"async\" src=\"https:\/\/cnoss.sn\/wp-content\/uploads\/2022\/12\/Representant-du-mouvement-sportif-national-comme-le-prevoit-larticle-39-de-la-Loi-84-59-du-23-mai-1984-portant-Charte-du-Sport.png\" sizes=\"(max-width: 1000px) 100vw, 1000px\" srcset=\"https:\/\/cnoss.sn\/wp-content\/uploads\/2022\/12\/Representant-du-mouvement-sportif-national-comme-le-prevoit-larticle-39-de-la-Loi-84-59-du-23-mai-1984-portant-Charte-du-Sport.png 1000w, https:\/\/cnoss.sn\/wp-content\/uploads\/2022\/12\/Representant-du-mouvement-sportif-national-comme-le-prevoit-larticle-39-de-la-Loi-84-59-du-23-mai-1984-portant-Charte-du-Sport-600x340.png 600w, https:\/\/cnoss.sn\/wp-content\/uploads\/2022\/12\/Representant-du-mouvement-sportif-national-comme-le-prevoit-larticle-39-de-la-Loi-84-59-du-23-mai-1984-portant-Charte-du-Sport-300x170.png 300w, https:\/\/cnoss.sn\/wp-content\/uploads\/2022\/12\/Representant-du-mouvement-sportif-national-comme-le-prevoit-larticle-39-de-la-Loi-84-59-du-23-mai-1984-portant-Charte-du-Sport-768x435.png 768w, https:\/\/cnoss.sn\/wp-content\/uploads\/2022\/12\/Representant-du-mouvement-sportif-national-comme-le-prevoit-larticle-39-de-la-Loi-84-59-du-23-mai-1984-portant-Charte-du-Sport-370x209.png 370w, https:\/\/cnoss.sn\/wp-content\/uploads\/2022\/12\/Representant-du-mouvement-sportif-national-comme-le-prevoit-larticle-39-de-la-Loi-84-59-du-23-mai-1984-portant-Charte-du-Sport-840x475.png 840w, https:\/\/cnoss.sn\/wp-content\/uploads\/2022\/12\/Representant-du-mouvement-sportif-national-comme-le-prevoit-larticle-39-de-la-Loi-84-59-du-23-mai-1984-portant-Charte-du-Sport-410x232.png 410w, https:\/\/cnoss.sn\/wp-content\/uploads\/2022\/12\/Representant-du-mouvement-sportif-national-comme-le-prevoit-larticle-39-de-la-Loi-84-59-du-23-mai-1984-portant-Charte-du-Sport-270x152.png 270w\" alt=\"\" width=\"1000\" height=\"566\" \/><br \/>\n<img decoding=\"async\" src=\"https:\/\/cnoss.sn\/wp-content\/uploads\/2022\/12\/Interlocuteur-privilegie-des-Pouvoirs-Publics-et-le-conseiller-en-matiere-de-politique-sportive.png\" sizes=\"(max-width: 1000px) 100vw, 1000px\" srcset=\"https:\/\/cnoss.sn\/wp-content\/uploads\/2022\/12\/Interlocuteur-privilegie-des-Pouvoirs-Publics-et-le-conseiller-en-matiere-de-politique-sportive.png 1000w, https:\/\/cnoss.sn\/wp-content\/uploads\/2022\/12\/Interlocuteur-privilegie-des-Pouvoirs-Publics-et-le-conseiller-en-matiere-de-politique-sportive-600x340.png 600w, https:\/\/cnoss.sn\/wp-content\/uploads\/2022\/12\/Interlocuteur-privilegie-des-Pouvoirs-Publics-et-le-conseiller-en-matiere-de-politique-sportive-300x170.png 300w, https:\/\/cnoss.sn\/wp-content\/uploads\/2022\/12\/Interlocuteur-privilegie-des-Pouvoirs-Publics-et-le-conseiller-en-matiere-de-politique-sportive-768x435.png 768w, https:\/\/cnoss.sn\/wp-content\/uploads\/2022\/12\/Interlocuteur-privilegie-des-Pouvoirs-Publics-et-le-conseiller-en-matiere-de-politique-sportive-370x209.png 370w, https:\/\/cnoss.sn\/wp-content\/uploads\/2022\/12\/Interlocuteur-privilegie-des-Pouvoirs-Publics-et-le-conseiller-en-matiere-de-politique-sportive-840x475.png 840w, https:\/\/cnoss.sn\/wp-content\/uploads\/2022\/12\/Interlocuteur-privilegie-des-Pouvoirs-Publics-et-le-conseiller-en-matiere-de-politique-sportive-410x232.png 410w, https:\/\/cnoss.sn\/wp-content\/uploads\/2022\/12\/Interlocuteur-privilegie-des-Pouvoirs-Publics-et-le-conseiller-en-matiere-de-politique-sportive-270x152.png 270w\" alt=\"\" width=\"1000\" height=\"566\" \/><\/p>\n","protected":false},"excerpt":{"rendered":"<p>LE CNOSS Rappel Historique Le comit\u00e9 National Olympique du S\u00e9n\u00e9gal\u00a0 a \u00e9t\u00e9 cr\u00e9\u00e9 le 31 ao\u00fbt 1961 par un groupe de sportifs dont les plus connus sont\u00a0: Amadou Barry, Joseph Gomis, Demba Diop, Oumar Diouf, Latif Gu\u00e8ye, Alioune Fall, Papa Gallo Thiam, K\u00e9ba Mbaye et Iba Mar Diop.. La pr\u00e9sidence de ce comit\u00e9 sera confi\u00e9e &hellip; <\/p>\n","protected":false},"author":1,"featured_media":23086,"parent":0,"menu_order":0,"comment_status":"closed","ping_status":"closed","template":"elementor_theme","meta":{"footnotes":""},"class_list":["post-3738","page","type-page","status-publish","has-post-thumbnail","hentry","latest_post"],"_links":{"self":[{"href":"https:\/\/cnoss.sn\/index.php?rest_route=\/wp\/v2\/pages\/3738","targetHints":{"allow":["GET"]}}],"collection":[{"href":"https:\/\/cnoss.sn\/index.php?rest_route=\/wp\/v2\/pages"}],"about":[{"href":"https:\/\/cnoss.sn\/index.php?rest_route=\/wp\/v2\/types\/page"}],"author":[{"embeddable":true,"href":"https:\/\/cnoss.sn\/index.php?rest_route=\/wp\/v2\/users\/1"}],"replies":[{"embeddable":true,"href":"https:\/\/cnoss.sn\/index.php?rest_route=%2Fwp%2Fv2%2Fcomments&post=3738"}],"version-history":[{"count":44,"href":"https:\/\/cnoss.sn\/index.php?rest_route=\/wp\/v2\/pages\/3738\/revisions"}],"predecessor-version":[{"id":23670,"href":"https:\/\/cnoss.sn\/index.php?rest_route=\/wp\/v2\/pages\/3738\/revisions\/23670"}],"wp:featuredmedia":[{"embeddable":true,"href":"https:\/\/cnoss.sn\/index.php?rest_route=\/wp\/v2\/media\/23086"}],"wp:attachment":[{"href":"https:\/\/cnoss.sn\/index.php?rest_route=%2Fwp%2Fv2%2Fmedia&parent=3738"}],"curies":[{"name":"wp","href":"https:\/\/api.w.org\/{rel}","templated":true}]}}