{"id":23919,"date":"2025-11-28T00:37:30","date_gmt":"2025-11-28T00:37:30","guid":{"rendered":"https:\/\/cnoss.sn\/?page_id=23919"},"modified":"2025-11-29T19:36:42","modified_gmt":"2025-11-29T19:36:42","slug":"centre-de-gandiaye","status":"publish","type":"page","link":"https:\/\/cnoss.sn\/?page_id=23919","title":{"rendered":"Centre de Gandiaye"},"content":{"rendered":"\t\t<div data-elementor-type=\"wp-page\" data-elementor-id=\"23919\" class=\"elementor elementor-23919\">\n\t\t\t\t\t\t<section class=\"elementor-section elementor-top-section elementor-element elementor-element-33380cd elementor-section-boxed elementor-section-height-default elementor-section-height-default\" data-id=\"33380cd\" data-element_type=\"section\" data-e-type=\"section\">\n\t\t\t\t\t\t<div class=\"elementor-container elementor-column-gap-default\">\n\t\t\t\t\t<div class=\"elementor-column elementor-col-100 elementor-top-column elementor-element elementor-element-e896d48\" data-id=\"e896d48\" data-element_type=\"column\" data-e-type=\"column\">\n\t\t\t<div class=\"elementor-widget-wrap elementor-element-populated\">\n\t\t\t\t\t\t<div class=\"elementor-element elementor-element-c1516c5 elementor-widget elementor-widget-heading\" data-id=\"c1516c5\" data-element_type=\"widget\" data-e-type=\"widget\" data-widget_type=\"heading.default\">\n\t\t\t\t<div class=\"elementor-widget-container\">\n\t\t\t\t\t<h2 class=\"elementor-heading-title elementor-size-default\">Pr\u00e9sentation du Centre Olympafrica de Gandiaye\n<\/h2>\t\t\t\t<\/div>\n\t\t\t\t<\/div>\n\t\t\t\t<div class=\"elementor-element elementor-element-7b78098 elementor-widget elementor-widget-text-editor\" data-id=\"7b78098\" data-element_type=\"widget\" data-e-type=\"widget\" data-widget_type=\"text-editor.default\">\n\t\t\t\t<div class=\"elementor-widget-container\">\n\t\t\t\t\t\t\t\t\t<p>Cr\u00e9\u00e9 en 2007 sous l\u2019\u00e9gide du CNOSS et port\u00e9 par feu Dr El Hadji Gu\u00e8ye, alors maire de Gandiaye, le Centre Olympafrica est aujourd\u2019hui un acteur majeur du d\u00e9veloppement sportif local. Depuis sa premi\u00e8re participation au r\u00e9seau en 2009, lors de la Bourse Iba Mbaye \u00e0 la Somone, le centre prend part chaque ann\u00e9e \u00e0 la plupart des programmes Olympafrica.<\/p><p>Dirig\u00e9 par Abdoulaye Diass\u00e9, avec l\u2019appui de son adjoint et d\u2019une \u00e9quipe de 20 animateurs, le centre encadre quotidiennement des jeunes de 12 \u00e0 15 ans issus des \u00e9coles de Gandiaye et des villages environnants.<\/p><p>Par son dynamisme et ses activit\u00e9s r\u00e9guli\u00e8res, le Centre Olympafrica de Gandiaye contribue pleinement \u00e0 la formation, \u00e0 l\u2019\u00e9ducation et \u00e0 l\u2019\u00e9panouissement des jeunes \u00e0 travers le sport.<\/p>\t\t\t\t\t\t\t\t<\/div>\n\t\t\t\t<\/div>\n\t\t\t\t\t<\/div>\n\t\t<\/div>\n\t\t\t\t\t<\/div>\n\t\t<\/section>\n\t\t\t\t<\/div>\n\t\t","protected":false},"excerpt":{"rendered":"<p>Pr\u00e9sentation du Centre Olympafrica de Gandiaye Cr\u00e9\u00e9 en 2007 sous l\u2019\u00e9gide du CNOSS et port\u00e9 par feu Dr El Hadji Gu\u00e8ye, alors maire de Gandiaye, le Centre Olympafrica est aujourd\u2019hui un acteur majeur du d\u00e9veloppement sportif local. Depuis sa premi\u00e8re participation au r\u00e9seau en 2009, lors de la Bourse Iba Mbaye \u00e0 la Somone, le &hellip; <\/p>\n","protected":false},"author":1,"featured_media":23086,"parent":0,"menu_order":0,"comment_status":"closed","ping_status":"closed","template":"","meta":{"footnotes":""},"class_list":["post-23919","page","type-page","status-publish","has-post-thumbnail","hentry","latest_post"],"_links":{"self":[{"href":"https:\/\/cnoss.sn\/index.php?rest_route=\/wp\/v2\/pages\/23919","targetHints":{"allow":["GET"]}}],"collection":[{"href":"https:\/\/cnoss.sn\/index.php?rest_route=\/wp\/v2\/pages"}],"about":[{"href":"https:\/\/cnoss.sn\/index.php?rest_route=\/wp\/v2\/types\/page"}],"author":[{"embeddable":true,"href":"https:\/\/cnoss.sn\/index.php?rest_route=\/wp\/v2\/users\/1"}],"replies":[{"embeddable":true,"href":"https:\/\/cnoss.sn\/index.php?rest_route=%2Fwp%2Fv2%2Fcomments&post=23919"}],"version-history":[{"count":5,"href":"https:\/\/cnoss.sn\/index.php?rest_route=\/wp\/v2\/pages\/23919\/revisions"}],"predecessor-version":[{"id":24126,"href":"https:\/\/cnoss.sn\/index.php?rest_route=\/wp\/v2\/pages\/23919\/revisions\/24126"}],"wp:featuredmedia":[{"embeddable":true,"href":"https:\/\/cnoss.sn\/index.php?rest_route=\/wp\/v2\/media\/23086"}],"wp:attachment":[{"href":"https:\/\/cnoss.sn\/index.php?rest_route=%2Fwp%2Fv2%2Fmedia&parent=23919"}],"curies":[{"name":"wp","href":"https:\/\/api.w.org\/{rel}","templated":true}]}}