{"id":23852,"date":"2025-11-23T19:58:34","date_gmt":"2025-11-23T19:58:34","guid":{"rendered":"https:\/\/cnoss.sn\/?page_id=23852"},"modified":"2025-11-23T19:58:34","modified_gmt":"2025-11-23T19:58:34","slug":"activites-de-nos-federations","status":"publish","type":"page","link":"https:\/\/cnoss.sn\/?page_id=23852","title":{"rendered":"Activit\u00e9s de nos F\u00e9d\u00e9rations"},"content":{"rendered":"","protected":false},"excerpt":{"rendered":"","protected":false},"author":1,"featured_media":23086,"parent":0,"menu_order":0,"comment_status":"closed","ping_status":"closed","template":"","meta":{"footnotes":""},"class_list":["post-23852","page","type-page","status-publish","has-post-thumbnail","hentry","latest_post"],"_links":{"self":[{"href":"https:\/\/cnoss.sn\/index.php?rest_route=\/wp\/v2\/pages\/23852","targetHints":{"allow":["GET"]}}],"collection":[{"href":"https:\/\/cnoss.sn\/index.php?rest_route=\/wp\/v2\/pages"}],"about":[{"href":"https:\/\/cnoss.sn\/index.php?rest_route=\/wp\/v2\/types\/page"}],"author":[{"embeddable":true,"href":"https:\/\/cnoss.sn\/index.php?rest_route=\/wp\/v2\/users\/1"}],"replies":[{"embeddable":true,"href":"https:\/\/cnoss.sn\/index.php?rest_route=%2Fwp%2Fv2%2Fcomments&post=23852"}],"version-history":[{"count":1,"href":"https:\/\/cnoss.sn\/index.php?rest_route=\/wp\/v2\/pages\/23852\/revisions"}],"predecessor-version":[{"id":23854,"href":"https:\/\/cnoss.sn\/index.php?rest_route=\/wp\/v2\/pages\/23852\/revisions\/23854"}],"wp:featuredmedia":[{"embeddable":true,"href":"https:\/\/cnoss.sn\/index.php?rest_route=\/wp\/v2\/media\/23086"}],"wp:attachment":[{"href":"https:\/\/cnoss.sn\/index.php?rest_route=%2Fwp%2Fv2%2Fmedia&parent=23852"}],"curies":[{"name":"wp","href":"https:\/\/api.w.org\/{rel}","templated":true}]}}