{"id":23501,"date":"2025-10-29T02:50:18","date_gmt":"2025-10-29T02:50:18","guid":{"rendered":"https:\/\/cnoss.sn\/?page_id=23501"},"modified":"2025-11-29T01:55:13","modified_gmt":"2025-11-29T01:55:13","slug":"presentation-du-cnoss","status":"publish","type":"page","link":"https:\/\/cnoss.sn\/?page_id=23501","title":{"rendered":"Pr\u00e9sentation du CNOSS"},"content":{"rendered":"\t\t<div data-elementor-type=\"wp-page\" data-elementor-id=\"23501\" class=\"elementor elementor-23501\">\n\t\t\t\t\t\t<section class=\"elementor-section elementor-top-section elementor-element elementor-element-fa4183a elementor-section-boxed elementor-section-height-default elementor-section-height-default\" data-id=\"fa4183a\" data-element_type=\"section\" data-e-type=\"section\">\n\t\t\t\t\t\t<div class=\"elementor-container elementor-column-gap-default\">\n\t\t\t\t\t<div class=\"elementor-column elementor-col-100 elementor-top-column elementor-element elementor-element-6bdda99\" data-id=\"6bdda99\" data-element_type=\"column\" data-e-type=\"column\">\n\t\t\t<div class=\"elementor-widget-wrap elementor-element-populated\">\n\t\t\t\t\t\t<div class=\"elementor-element elementor-element-11151a5 elementor-widget elementor-widget-heading\" data-id=\"11151a5\" data-element_type=\"widget\" data-e-type=\"widget\" data-widget_type=\"heading.default\">\n\t\t\t\t<div class=\"elementor-widget-container\">\n\t\t\t\t\t<h2 class=\"elementor-heading-title elementor-size-default\">Rappel Historique<\/h2>\t\t\t\t<\/div>\n\t\t\t\t<\/div>\n\t\t\t\t\t<\/div>\n\t\t<\/div>\n\t\t\t\t\t<\/div>\n\t\t<\/section>\n\t\t\t\t<section class=\"elementor-section elementor-top-section elementor-element elementor-element-a75dfc9 elementor-section-boxed elementor-section-height-default elementor-section-height-default\" data-id=\"a75dfc9\" data-element_type=\"section\" data-e-type=\"section\">\n\t\t\t\t\t\t<div class=\"elementor-container elementor-column-gap-default\">\n\t\t\t\t\t<div class=\"elementor-column elementor-col-100 elementor-top-column elementor-element elementor-element-b0a2068\" data-id=\"b0a2068\" data-element_type=\"column\" data-e-type=\"column\">\n\t\t\t<div class=\"elementor-widget-wrap elementor-element-populated\">\n\t\t\t\t\t\t<div class=\"elementor-element elementor-element-59c8acb elementor-widget elementor-widget-text-editor\" data-id=\"59c8acb\" data-element_type=\"widget\" data-e-type=\"widget\" data-widget_type=\"text-editor.default\">\n\t\t\t\t<div class=\"elementor-widget-container\">\n\t\t\t\t\t\t\t\t\t<p>\u00a0Le comit\u00e9 National Olympique du S\u00e9n\u00e9gal\u00a0 a \u00e9t\u00e9 cr\u00e9\u00e9 le 31 ao\u00fbt 1961 par un groupe de sportifs dont les plus connus sont :\u00a0<strong><em>Amadou Barry, Joseph Gomis, Demba Diop, Oumar Diouf, Latif Gu\u00e8ye, Alioune Fall, Papa Gallo Thiam, K\u00e9ba Mbaye et Iba Mar Diop<\/em><\/strong>..<\/p>\n<p>La pr\u00e9sidence de ce comit\u00e9 sera confi\u00e9e \u00e0 Monsieur Amadou BARRY qui conduira la candidature du S\u00e9n\u00e9gal jusqu\u2019\u00e0 sa reconnaissance par le Comit\u00e9 International Olympique le 16 octobre 1963, lors du Congr\u00e8s de Baden Baden en Allemagne.<\/p>\n<p>A compter de cette date, le Comit\u00e9 National Olympique du S\u00e9n\u00e9gal est reconnu membre du CIO et les athl\u00e8tes s\u00e9n\u00e9galais participent aux Jeux Olympiques de Tokyo en 1964, sous les couleurs s\u00e9n\u00e9galaises et \u00e0 tous les JO organis\u00e9s jusqu\u2019\u00e0 nos jours.<\/p>\t\t\t\t\t\t\t\t<\/div>\n\t\t\t\t<\/div>\n\t\t\t\t\t<\/div>\n\t\t<\/div>\n\t\t\t\t\t<\/div>\n\t\t<\/section>\n\t\t\t\t<section class=\"elementor-section elementor-top-section elementor-element elementor-element-8312250 elementor-section-boxed elementor-section-height-default elementor-section-height-default\" data-id=\"8312250\" data-element_type=\"section\" data-e-type=\"section\">\n\t\t\t\t\t\t<div class=\"elementor-container elementor-column-gap-default\">\n\t\t\t\t\t<div class=\"elementor-column elementor-col-100 elementor-top-column elementor-element elementor-element-3a1335f\" data-id=\"3a1335f\" data-element_type=\"column\" data-e-type=\"column\">\n\t\t\t<div class=\"elementor-widget-wrap elementor-element-populated\">\n\t\t\t\t\t\t<div class=\"elementor-element elementor-element-dd9236c elementor-widget elementor-widget-heading\" data-id=\"dd9236c\" data-element_type=\"widget\" data-e-type=\"widget\" data-widget_type=\"heading.default\">\n\t\t\t\t<div class=\"elementor-widget-container\">\n\t\t\t\t\t<h2 class=\"elementor-heading-title elementor-size-default\">Pr\u00e9sentation du CNOSS<\/h2>\t\t\t\t<\/div>\n\t\t\t\t<\/div>\n\t\t\t\t\t<\/div>\n\t\t<\/div>\n\t\t\t\t\t<\/div>\n\t\t<\/section>\n\t\t\t\t<section class=\"elementor-section elementor-top-section elementor-element elementor-element-ae4ba62 elementor-section-boxed elementor-section-height-default elementor-section-height-default\" data-id=\"ae4ba62\" data-element_type=\"section\" data-e-type=\"section\">\n\t\t\t\t\t\t<div class=\"elementor-container elementor-column-gap-default\">\n\t\t\t\t\t<div class=\"elementor-column elementor-col-100 elementor-top-column elementor-element elementor-element-7881ee4\" data-id=\"7881ee4\" data-element_type=\"column\" data-e-type=\"column\">\n\t\t\t<div class=\"elementor-widget-wrap elementor-element-populated\">\n\t\t\t\t\t\t<div class=\"elementor-element elementor-element-3399c90 elementor-widget elementor-widget-text-editor\" data-id=\"3399c90\" data-element_type=\"widget\" data-e-type=\"widget\" data-widget_type=\"text-editor.default\">\n\t\t\t\t<div class=\"elementor-widget-container\">\n\t\t\t\t\t\t\t\t\t<p><strong>Le Comit\u00e9 National Olympique et Sportif S\u00e9n\u00e9galais\u00a0 <\/strong>est une association de type sportif\u00a0 \u00e0 but non lucratif \u00a0regroupant les f\u00e9d\u00e9rations et les organisations sportives.<\/p>\n<p>Le Comit\u00e9 National Olympique et Sportif S\u00e9n\u00e9galais n\u2019est pas d\u00e9l\u00e9gataire de pouvoirs du Minist\u00e8re des Sports, mais l\u2019interlocuteur privil\u00e9gi\u00e9 et son conseiller en mati\u00e8re de politique sportive comme indiqu\u00e9 dans l\u2019article 39 de la Loi 84-59 du 23 mai 1984 , portant Charte du Sport.<\/p>\n<p>La nature du CNOSS est double :<\/p>\n<ul>\n<li>il constitue l\u2019unique repr\u00e9sentant du CIO sur le territoire s\u00e9n\u00e9galais<\/li>\n<li>il a vocation d\u2019unir en son sein le mouvement sportif s\u00e9n\u00e9galais.<\/li>\n<\/ul>\t\t\t\t\t\t\t\t<\/div>\n\t\t\t\t<\/div>\n\t\t\t\t\t<\/div>\n\t\t<\/div>\n\t\t\t\t\t<\/div>\n\t\t<\/section>\n\t\t\t\t<section class=\"elementor-section elementor-top-section elementor-element elementor-element-15f9d48 elementor-section-boxed elementor-section-height-default elementor-section-height-default\" data-id=\"15f9d48\" data-element_type=\"section\" data-e-type=\"section\">\n\t\t\t\t\t\t<div class=\"elementor-container elementor-column-gap-default\">\n\t\t\t\t\t<div class=\"elementor-column elementor-col-100 elementor-top-column elementor-element elementor-element-ed9c195\" data-id=\"ed9c195\" data-element_type=\"column\" data-e-type=\"column\">\n\t\t\t<div class=\"elementor-widget-wrap elementor-element-populated\">\n\t\t\t\t\t\t<div class=\"elementor-element elementor-element-4ecca16 elementor-widget elementor-widget-heading\" data-id=\"4ecca16\" data-element_type=\"widget\" data-e-type=\"widget\" data-widget_type=\"heading.default\">\n\t\t\t\t<div class=\"elementor-widget-container\">\n\t\t\t\t\t<h2 class=\"elementor-heading-title elementor-size-default\">Mission du CNOSS <\/h2>\t\t\t\t<\/div>\n\t\t\t\t<\/div>\n\t\t\t\t\t<\/div>\n\t\t<\/div>\n\t\t\t\t\t<\/div>\n\t\t<\/section>\n\t\t\t\t<section class=\"elementor-section elementor-top-section elementor-element elementor-element-f512224 elementor-section-boxed elementor-section-height-default elementor-section-height-default\" data-id=\"f512224\" data-element_type=\"section\" data-e-type=\"section\">\n\t\t\t\t\t\t<div class=\"elementor-container elementor-column-gap-default\">\n\t\t\t\t\t<div class=\"elementor-column elementor-col-100 elementor-top-column elementor-element elementor-element-9cdb485\" data-id=\"9cdb485\" data-element_type=\"column\" data-e-type=\"column\">\n\t\t\t<div class=\"elementor-widget-wrap elementor-element-populated\">\n\t\t\t\t\t\t<div class=\"elementor-element elementor-element-9e33467 elementor-widget elementor-widget-text-editor\" data-id=\"9e33467\" data-element_type=\"widget\" data-e-type=\"widget\" data-widget_type=\"text-editor.default\">\n\t\t\t\t<div class=\"elementor-widget-container\">\n\t\t\t\t\t\t\t\t\t<ul><li><strong>Propager les principes fondamentaux de l\u2019Olympisme\u00a0\u00e9nonc\u00e9s dans la Charte Olympique<\/strong><\/li><li><strong>Promouvoir l\u2019unit\u00e9 du mouvement sportif<\/strong><\/li><\/ul><p>En\u00a0 repr\u00e9sentant le mouvement sportif\u00a0 dans les instances dont l\u2019objet est de contribuer\u00a0 au d\u00e9veloppement du sport. ;<\/p><p>En facilitant\u00a0 le r\u00e8glement des conflits n\u00e9s au sein du mouvement sportif, par voie de conciliation ou d\u2019arbitrage ;<\/p><p>En agissant\u00a0 pour la d\u00e9fense des int\u00e9r\u00eats collectifs du mouvement sportif.<\/p><p>Lorem ipsum dolor sit amet, consectetur adipiscing elit. Ut elit tellus, luctus nec ullamcorper mattis, pulvinar dapibus leo.<\/p>\t\t\t\t\t\t\t\t<\/div>\n\t\t\t\t<\/div>\n\t\t\t\t\t<\/div>\n\t\t<\/div>\n\t\t\t\t\t<\/div>\n\t\t<\/section>\n\t\t\t\t<section class=\"elementor-section elementor-top-section elementor-element elementor-element-938bb62 elementor-section-boxed elementor-section-height-default elementor-section-height-default\" data-id=\"938bb62\" data-element_type=\"section\" data-e-type=\"section\">\n\t\t\t\t\t\t<div class=\"elementor-container elementor-column-gap-default\">\n\t\t\t\t\t<div class=\"elementor-column elementor-col-100 elementor-top-column elementor-element elementor-element-999c2ea\" data-id=\"999c2ea\" data-element_type=\"column\" data-e-type=\"column\">\n\t\t\t<div class=\"elementor-widget-wrap elementor-element-populated\">\n\t\t\t\t\t\t<div class=\"elementor-element elementor-element-8ebf6d0 elementor-widget elementor-widget-heading\" data-id=\"8ebf6d0\" data-element_type=\"widget\" data-e-type=\"widget\" data-widget_type=\"heading.default\">\n\t\t\t\t<div class=\"elementor-widget-container\">\n\t\t\t\t\t<h2 class=\"elementor-heading-title elementor-size-default\">Composition du CNOSS <\/h2>\t\t\t\t<\/div>\n\t\t\t\t<\/div>\n\t\t\t\t\t<\/div>\n\t\t<\/div>\n\t\t\t\t\t<\/div>\n\t\t<\/section>\n\t\t\t\t<section class=\"elementor-section elementor-top-section elementor-element elementor-element-22fd6c8 elementor-section-boxed elementor-section-height-default elementor-section-height-default\" data-id=\"22fd6c8\" data-element_type=\"section\" data-e-type=\"section\">\n\t\t\t\t\t\t<div class=\"elementor-container elementor-column-gap-default\">\n\t\t\t\t\t<div class=\"elementor-column elementor-col-33 elementor-top-column elementor-element elementor-element-1d477f2\" data-id=\"1d477f2\" data-element_type=\"column\" data-e-type=\"column\">\n\t\t\t<div class=\"elementor-widget-wrap elementor-element-populated\">\n\t\t\t\t\t\t<div class=\"elementor-element elementor-element-5099824 elementor-widget__width-initial elementor-widget elementor-widget-text-editor\" data-id=\"5099824\" data-element_type=\"widget\" data-e-type=\"widget\" data-widget_type=\"text-editor.default\">\n\t\t\t\t<div class=\"elementor-widget-container\">\n\t\t\t\t\t\t\t\t\t<p><strong>L\u2019Assembl\u00e9e G\u00e9n\u00e9rale\u00a0<\/strong>: constitue l\u2019organe supr\u00eame du CNOSS\u00a0;\u00a0 elle r\u00e9unit l\u2019ensemble des\u00a0 organisations sportives\u00a0 affili\u00e9es, ainsi que\u00a0 plus les membres de droit et les personnes coopt\u00e9es. Elle d\u00e9termine la politique g\u00e9n\u00e9rale du comit\u00e9, fixe les objectifs, \u00e9value ses actions et \u00e9lit \u00a0le Comit\u00e9 Directeur.<\/p>\t\t\t\t\t\t\t\t<\/div>\n\t\t\t\t<\/div>\n\t\t\t\t\t<\/div>\n\t\t<\/div>\n\t\t\t\t<div class=\"elementor-column elementor-col-33 elementor-top-column elementor-element elementor-element-0fa0de6\" data-id=\"0fa0de6\" data-element_type=\"column\" data-e-type=\"column\">\n\t\t\t<div class=\"elementor-widget-wrap elementor-element-populated\">\n\t\t\t\t\t\t<div class=\"elementor-element elementor-element-4e79047 elementor-widget__width-initial elementor-widget elementor-widget-text-editor\" data-id=\"4e79047\" data-element_type=\"widget\" data-e-type=\"widget\" data-widget_type=\"text-editor.default\">\n\t\t\t\t<div class=\"elementor-widget-container\">\n\t\t\t\t\t\t\t\t\t<p><strong>Le Comit\u00e9 Directeur&nbsp;<\/strong>joue le r\u00f4le de conseil d\u2019administration&nbsp;: il veille au suivi et \u00e0 l\u2019ex\u00e9cution des recommandations de l\u2019assembl\u00e9e g\u00e9n\u00e9rale. Il est compos\u00e9 de 45 membres&nbsp; ainsi r\u00e9partis :<\/p>\n<h2><h1><h5><ul><li><strong><em>Membres de droit (08<\/em><\/strong><strong>)&nbsp;: (membres de BE d\u2019\u2019organisations internationales)<\/strong><\/li><\/ul><ul><li><strong>F<em>\u00e9d\u00e9rations olympiques (15)<\/em><\/strong><\/li><\/ul><ul><li><strong><em>F\u00e9d\u00e9rations non olympiques (07)&nbsp;<\/em><\/strong><\/li><\/ul><ul><li><strong><em>Organismes multisports (05)&nbsp;<\/em><\/strong><\/li><\/ul><ul><li><strong><em>Membres coopt\u00e9s par l\u2019Assembl\u00e9e G\u00e9n\u00e9rale (09<\/em><\/strong><\/li><\/ul><\/h5><\/h1><\/h2>\t\t\t\t\t\t\t\t<\/div>\n\t\t\t\t<\/div>\n\t\t\t\t\t<\/div>\n\t\t<\/div>\n\t\t\t\t<div class=\"elementor-column elementor-col-33 elementor-top-column elementor-element elementor-element-5a2435c\" data-id=\"5a2435c\" data-element_type=\"column\" data-e-type=\"column\">\n\t\t\t<div class=\"elementor-widget-wrap elementor-element-populated\">\n\t\t\t\t\t\t<div class=\"elementor-element elementor-element-4eba796 elementor-widget__width-initial elementor-widget elementor-widget-text-editor\" data-id=\"4eba796\" data-element_type=\"widget\" data-e-type=\"widget\" data-widget_type=\"text-editor.default\">\n\t\t\t\t<div class=\"elementor-widget-container\">\n\t\t\t\t\t\t\t\t\t<p><strong>Le Bureau Ex\u00e9cutif<\/strong><\/p>\n<ul>\n<li>1 Pr\u00e9sident<\/li>\n<li>6 Vice Pr\u00e9sidents<\/li>\n<li>1 Secr\u00e9taire G\u00e9n\u00e9ral\u00a0<\/li>\n<li>1 Secr\u00e9taire G\u00e9n\u00e9ral\u00a0Adjoint<\/li>\n<li>1 Tr\u00e9sorier\u00a0 G\u00e9n\u00e9ral\u00a0<\/li>\n<li>1 Tr\u00e9sorier G\u00e9n\u00e9ral Adjoint<\/li>\n<li>2 membres simples<\/li>\n<li style=\"list-style-type: none;\">\u00a0<\/li>\n<\/ul>\t\t\t\t\t\t\t\t<\/div>\n\t\t\t\t<\/div>\n\t\t\t\t\t<\/div>\n\t\t<\/div>\n\t\t\t\t\t<\/div>\n\t\t<\/section>\n\t\t\t\t<\/div>\n\t\t","protected":false},"excerpt":{"rendered":"<p>Rappel Historique \u00a0Le comit\u00e9 National Olympique du S\u00e9n\u00e9gal\u00a0 a \u00e9t\u00e9 cr\u00e9\u00e9 le 31 ao\u00fbt 1961 par un groupe de sportifs dont les plus connus sont :\u00a0Amadou Barry, Joseph Gomis, Demba Diop, Oumar Diouf, Latif Gu\u00e8ye, Alioune Fall, Papa Gallo Thiam, K\u00e9ba Mbaye et Iba Mar Diop.. La pr\u00e9sidence de ce comit\u00e9 sera confi\u00e9e \u00e0 Monsieur &hellip; <\/p>\n","protected":false},"author":1,"featured_media":22992,"parent":0,"menu_order":0,"comment_status":"closed","ping_status":"closed","template":"","meta":{"footnotes":""},"class_list":["post-23501","page","type-page","status-publish","has-post-thumbnail","hentry","latest_post"],"_links":{"self":[{"href":"https:\/\/cnoss.sn\/index.php?rest_route=\/wp\/v2\/pages\/23501","targetHints":{"allow":["GET"]}}],"collection":[{"href":"https:\/\/cnoss.sn\/index.php?rest_route=\/wp\/v2\/pages"}],"about":[{"href":"https:\/\/cnoss.sn\/index.php?rest_route=\/wp\/v2\/types\/page"}],"author":[{"embeddable":true,"href":"https:\/\/cnoss.sn\/index.php?rest_route=\/wp\/v2\/users\/1"}],"replies":[{"embeddable":true,"href":"https:\/\/cnoss.sn\/index.php?rest_route=%2Fwp%2Fv2%2Fcomments&post=23501"}],"version-history":[{"count":25,"href":"https:\/\/cnoss.sn\/index.php?rest_route=\/wp\/v2\/pages\/23501\/revisions"}],"predecessor-version":[{"id":23992,"href":"https:\/\/cnoss.sn\/index.php?rest_route=\/wp\/v2\/pages\/23501\/revisions\/23992"}],"wp:featuredmedia":[{"embeddable":true,"href":"https:\/\/cnoss.sn\/index.php?rest_route=\/wp\/v2\/media\/22992"}],"wp:attachment":[{"href":"https:\/\/cnoss.sn\/index.php?rest_route=%2Fwp%2Fv2%2Fmedia&parent=23501"}],"curies":[{"name":"wp","href":"https:\/\/api.w.org\/{rel}","templated":true}]}}