{"id":23478,"date":"2025-10-28T22:18:32","date_gmt":"2025-10-28T22:18:32","guid":{"rendered":"https:\/\/cnoss.sn\/?page_id=23478"},"modified":"2025-11-23T19:56:20","modified_gmt":"2025-11-23T19:56:20","slug":"liens-utils","status":"publish","type":"page","link":"https:\/\/cnoss.sn\/?page_id=23478","title":{"rendered":"LIENS UTILS"},"content":{"rendered":"\n<div class=\"wp-block-media-text is-stacked-on-mobile\" style=\"grid-template-columns:30% auto\"><figure class=\"wp-block-media-text__media\"><a href=\"https:\/\/www.wada-ama.org\/fr\"><img fetchpriority=\"high\" decoding=\"async\" width=\"300\" height=\"169\" src=\"https:\/\/cnoss.sn\/wp-content\/uploads\/2025\/11\/wada-logo-en-2-300x169.jpg\" alt=\"\" class=\"wp-image-23568 size-medium\" srcset=\"https:\/\/cnoss.sn\/wp-content\/uploads\/2025\/11\/wada-logo-en-2-300x169.jpg 300w, https:\/\/cnoss.sn\/wp-content\/uploads\/2025\/11\/wada-logo-en-2-1024x576.jpg 1024w, https:\/\/cnoss.sn\/wp-content\/uploads\/2025\/11\/wada-logo-en-2-768x432.jpg 768w, https:\/\/cnoss.sn\/wp-content\/uploads\/2025\/11\/wada-logo-en-2-1536x864.jpg 1536w, https:\/\/cnoss.sn\/wp-content\/uploads\/2025\/11\/wada-logo-en-2-2048x1152.jpg 2048w, https:\/\/cnoss.sn\/wp-content\/uploads\/2025\/11\/wada-logo-en-2-18x10.jpg 18w, https:\/\/cnoss.sn\/wp-content\/uploads\/2025\/11\/wada-logo-en-2-600x338.jpg 600w, https:\/\/cnoss.sn\/wp-content\/uploads\/2025\/11\/wada-logo-en-2-1170x658.jpg 1170w, https:\/\/cnoss.sn\/wp-content\/uploads\/2025\/11\/wada-logo-en-2-760x428.jpg 760w, https:\/\/cnoss.sn\/wp-content\/uploads\/2025\/11\/wada-logo-en-2-370x208.jpg 370w, https:\/\/cnoss.sn\/wp-content\/uploads\/2025\/11\/wada-logo-en-2-270x152.jpg 270w\" sizes=\"(max-width: 300px) 100vw, 300px\" \/><\/a><\/figure><div class=\"wp-block-media-text__content\">\n<p><strong>Joignez le mouvement mondial pour le sport sans dopage<\/strong><\/p>\n<\/div><\/div>\n\n\n\n<hr class=\"wp-block-separator has-alpha-channel-opacity\"\/>\n\n\n\n<div class=\"wp-block-media-text is-stacked-on-mobile\" style=\"grid-template-columns:29% auto\"><figure class=\"wp-block-media-text__media\"><a href=\"https:\/\/www.anps.sn\/\"><img decoding=\"async\" width=\"352\" height=\"143\" src=\"https:\/\/cnoss.sn\/wp-content\/uploads\/2025\/11\/images.jpg\" alt=\"\" class=\"wp-image-23573 size-full\" srcset=\"https:\/\/cnoss.sn\/wp-content\/uploads\/2025\/11\/images.jpg 352w, https:\/\/cnoss.sn\/wp-content\/uploads\/2025\/11\/images-300x122.jpg 300w, https:\/\/cnoss.sn\/wp-content\/uploads\/2025\/11\/images-18x7.jpg 18w\" sizes=\"(max-width: 352px) 100vw, 352px\" \/><\/a><\/figure><div class=\"wp-block-media-text__content\">\n<p><a href=\"https:\/\/www.anps.sn\/\"><\/a><\/p>\n\n\n\n<p> <strong>ANPS: Association Nationale de la Presse Sportive <\/strong><\/p>\n<\/div><\/div>\n\n\n\n<hr class=\"wp-block-separator has-alpha-channel-opacity\"\/>\n\n\n\n<div class=\"wp-block-media-text is-stacked-on-mobile\" style=\"grid-template-columns:20% auto\"><figure class=\"wp-block-media-text__media\"><img decoding=\"async\" width=\"368\" height=\"445\" src=\"https:\/\/cnoss.sn\/wp-content\/uploads\/2021\/09\/cropped-cropped-logo-CNOSS-HD.png\" alt=\"\" class=\"wp-image-23055 size-full\" srcset=\"https:\/\/cnoss.sn\/wp-content\/uploads\/2021\/09\/cropped-cropped-logo-CNOSS-HD.png 368w, https:\/\/cnoss.sn\/wp-content\/uploads\/2021\/09\/cropped-cropped-logo-CNOSS-HD-248x300.png 248w, https:\/\/cnoss.sn\/wp-content\/uploads\/2021\/09\/cropped-cropped-logo-CNOSS-HD-10x12.png 10w\" sizes=\"(max-width: 368px) 100vw, 368px\" \/><\/figure><div class=\"wp-block-media-text__content\">\n<p><strong>Association des Olympiens du S\u00e9n\u00e9gal<\/strong><\/p>\n<\/div><\/div>\n\n\n\n<hr class=\"wp-block-separator has-alpha-channel-opacity\"\/>\n\n\n\n<div class=\"wp-block-media-text is-stacked-on-mobile\" style=\"grid-template-columns:33% auto\"><figure class=\"wp-block-media-text__media\"><a href=\"https:\/\/www.olympics.com\/cio\/integrite\/prevention-manipulations-competitions\"><img loading=\"lazy\" decoding=\"async\" width=\"452\" height=\"111\" src=\"https:\/\/cnoss.sn\/wp-content\/uploads\/2025\/11\/CIO.png\" alt=\"\" class=\"wp-image-23605 size-full\" srcset=\"https:\/\/cnoss.sn\/wp-content\/uploads\/2025\/11\/CIO.png 452w, https:\/\/cnoss.sn\/wp-content\/uploads\/2025\/11\/CIO-300x74.png 300w, https:\/\/cnoss.sn\/wp-content\/uploads\/2025\/11\/CIO-18x4.png 18w, https:\/\/cnoss.sn\/wp-content\/uploads\/2025\/11\/CIO-370x91.png 370w\" sizes=\"(max-width: 452px) 100vw, 452px\" \/><\/a><\/figure><div class=\"wp-block-media-text__content\">\n<p><strong>Lutte contre la manipulation des comp\u00e9titions<\/strong><\/p>\n<\/div><\/div>\n\n\n\n<hr class=\"wp-block-separator has-alpha-channel-opacity\"\/>\n\n\n\n<div class=\"wp-block-media-text is-stacked-on-mobile\" style=\"grid-template-columns:23% auto\"><figure class=\"wp-block-media-text__media\"><a href=\"https:\/\/www.organisationnationaleantidopagedusenegal.org\/\"><img loading=\"lazy\" decoding=\"async\" width=\"225\" height=\"225\" src=\"https:\/\/cnoss.sn\/wp-content\/uploads\/2025\/11\/onad2.jpg\" alt=\"\" class=\"wp-image-23577 size-full\" srcset=\"https:\/\/cnoss.sn\/wp-content\/uploads\/2025\/11\/onad2.jpg 225w, https:\/\/cnoss.sn\/wp-content\/uploads\/2025\/11\/onad2-150x150.jpg 150w, https:\/\/cnoss.sn\/wp-content\/uploads\/2025\/11\/onad2-12x12.jpg 12w, https:\/\/cnoss.sn\/wp-content\/uploads\/2025\/11\/onad2-75x75.jpg 75w\" sizes=\"(max-width: 225px) 100vw, 225px\" \/><\/a><\/figure><div class=\"wp-block-media-text__content\">\n<p>           <strong>Lutte contre le dopage au S\u00e9n\u00e9gal<\/strong><\/p>\n\n\n\n<p>            <em>Engagement pour un sport sain et \u00e9quitable au S\u00e9n\u00e9gal.<\/em><\/p>\n\n\n\n<p><\/p>\n<\/div><\/div>\n\n\n\n<hr class=\"wp-block-separator has-alpha-channel-opacity\"\/>\n\n\n\n<div class=\"wp-block-media-text is-stacked-on-mobile\" style=\"grid-template-columns:24% auto\"><figure class=\"wp-block-media-text__media\"><a href=\"https:\/\/www.olympics.com\/fr\/dakar-2026\/recrutement\/\"><img loading=\"lazy\" decoding=\"async\" width=\"750\" height=\"450\" src=\"https:\/\/cnoss.sn\/wp-content\/uploads\/2025\/11\/InShot_20250828_095445729-750x450-1.jpg\" alt=\"\" class=\"wp-image-23582 size-full\" srcset=\"https:\/\/cnoss.sn\/wp-content\/uploads\/2025\/11\/InShot_20250828_095445729-750x450-1.jpg 750w, https:\/\/cnoss.sn\/wp-content\/uploads\/2025\/11\/InShot_20250828_095445729-750x450-1-300x180.jpg 300w, https:\/\/cnoss.sn\/wp-content\/uploads\/2025\/11\/InShot_20250828_095445729-750x450-1-18x12.jpg 18w, https:\/\/cnoss.sn\/wp-content\/uploads\/2025\/11\/InShot_20250828_095445729-750x450-1-600x360.jpg 600w, https:\/\/cnoss.sn\/wp-content\/uploads\/2025\/11\/InShot_20250828_095445729-750x450-1-370x222.jpg 370w\" sizes=\"(max-width: 750px) 100vw, 750px\" \/><\/a><\/figure><div class=\"wp-block-media-text__content\">\n<p><strong>Nous Rejoindre JOJ DAKAR 2026!<\/strong><\/p>\n<\/div><\/div>\n\n\n\n<hr class=\"wp-block-separator has-alpha-channel-opacity\"\/>\n\n\n\n<div class=\"wp-block-media-text is-stacked-on-mobile\" style=\"grid-template-columns:22% auto\"><figure class=\"wp-block-media-text__media\"><a href=\"https:\/\/cnoss.sn\/?page_id=23595\"><img loading=\"lazy\" decoding=\"async\" width=\"408\" height=\"395\" src=\"https:\/\/cnoss.sn\/wp-content\/uploads\/2025\/08\/cropped-cropped-IMG_4999-1.jpg\" alt=\"\" class=\"wp-image-23288 size-full\" srcset=\"https:\/\/cnoss.sn\/wp-content\/uploads\/2025\/08\/cropped-cropped-IMG_4999-1.jpg 408w, https:\/\/cnoss.sn\/wp-content\/uploads\/2025\/08\/cropped-cropped-IMG_4999-1-300x290.jpg 300w, https:\/\/cnoss.sn\/wp-content\/uploads\/2025\/08\/cropped-cropped-IMG_4999-1-12x12.jpg 12w, https:\/\/cnoss.sn\/wp-content\/uploads\/2025\/08\/cropped-cropped-IMG_4999-1-370x358.jpg 370w\" sizes=\"(max-width: 408px) 100vw, 408px\" \/><\/a><\/figure><div class=\"wp-block-media-text__content\">\n<p><strong><strong><strong>Nous Rejoindre au CNOSS<\/strong><\/strong><\/strong><\/p>\n<\/div><\/div>\n\n\n\n<hr class=\"wp-block-separator has-alpha-channel-opacity\"\/>\n","protected":false},"excerpt":{"rendered":"<p>Joignez le mouvement mondial pour le sport sans dopage ANPS: Association Nationale de la Presse Sportive Association des Olympiens du S\u00e9n\u00e9gal Lutte contre la manipulation des comp\u00e9titions Lutte contre le dopage au S\u00e9n\u00e9gal Engagement pour un sport sain et \u00e9quitable au S\u00e9n\u00e9gal. Nous Rejoindre JOJ DAKAR 2026! Nous Rejoindre au CNOSS<\/p>\n","protected":false},"author":1,"featured_media":23086,"parent":0,"menu_order":0,"comment_status":"closed","ping_status":"closed","template":"","meta":{"footnotes":""},"class_list":["post-23478","page","type-page","status-publish","has-post-thumbnail","hentry","latest_post"],"_links":{"self":[{"href":"https:\/\/cnoss.sn\/index.php?rest_route=\/wp\/v2\/pages\/23478","targetHints":{"allow":["GET"]}}],"collection":[{"href":"https:\/\/cnoss.sn\/index.php?rest_route=\/wp\/v2\/pages"}],"about":[{"href":"https:\/\/cnoss.sn\/index.php?rest_route=\/wp\/v2\/types\/page"}],"author":[{"embeddable":true,"href":"https:\/\/cnoss.sn\/index.php?rest_route=\/wp\/v2\/users\/1"}],"replies":[{"embeddable":true,"href":"https:\/\/cnoss.sn\/index.php?rest_route=%2Fwp%2Fv2%2Fcomments&post=23478"}],"version-history":[{"count":11,"href":"https:\/\/cnoss.sn\/index.php?rest_route=\/wp\/v2\/pages\/23478\/revisions"}],"predecessor-version":[{"id":23851,"href":"https:\/\/cnoss.sn\/index.php?rest_route=\/wp\/v2\/pages\/23478\/revisions\/23851"}],"wp:featuredmedia":[{"embeddable":true,"href":"https:\/\/cnoss.sn\/index.php?rest_route=\/wp\/v2\/media\/23086"}],"wp:attachment":[{"href":"https:\/\/cnoss.sn\/index.php?rest_route=%2Fwp%2Fv2%2Fmedia&parent=23478"}],"curies":[{"name":"wp","href":"https:\/\/api.w.org\/{rel}","templated":true}]}}