{"id":22017,"date":"2022-11-30T14:16:29","date_gmt":"2022-11-30T14:16:29","guid":{"rendered":"https:\/\/cnoss.sn\/?page_id=22017"},"modified":"2025-11-29T01:58:56","modified_gmt":"2025-11-29T01:58:56","slug":"programmes","status":"publish","type":"page","link":"https:\/\/cnoss.sn\/?page_id=22017","title":{"rendered":"PROGRAMMES"},"content":{"rendered":"\t\t<div data-elementor-type=\"wp-page\" data-elementor-id=\"22017\" class=\"elementor elementor-22017\">\n\t\t\t\t\t\t<section class=\"elementor-section elementor-top-section elementor-element elementor-element-302ff82 elementor-section-boxed elementor-section-height-default elementor-section-height-default\" data-id=\"302ff82\" data-element_type=\"section\" data-e-type=\"section\">\n\t\t\t\t\t\t<div class=\"elementor-container elementor-column-gap-default\">\n\t\t\t\t\t<div class=\"elementor-column elementor-col-100 elementor-top-column elementor-element elementor-element-04d2fa7\" data-id=\"04d2fa7\" data-element_type=\"column\" data-e-type=\"column\">\n\t\t\t<div class=\"elementor-widget-wrap elementor-element-populated\">\n\t\t\t\t\t\t<div class=\"elementor-element elementor-element-a486ab2 elementor-widget elementor-widget-heading\" data-id=\"a486ab2\" data-element_type=\"widget\" data-e-type=\"widget\" data-widget_type=\"heading.default\">\n\t\t\t\t<div class=\"elementor-widget-container\">\n\t\t\t\t\t<h3 class=\"elementor-heading-title elementor-size-default\"><b>Bourses Olympiques individuelles<\/b><\/h3>\t\t\t\t<\/div>\n\t\t\t\t<\/div>\n\t\t\t\t\t<\/div>\n\t\t<\/div>\n\t\t\t\t\t<\/div>\n\t\t<\/section>\n\t\t\t\t<section class=\"elementor-section elementor-top-section elementor-element elementor-element-5f560ab elementor-section-boxed elementor-section-height-default elementor-section-height-default\" data-id=\"5f560ab\" data-element_type=\"section\" data-e-type=\"section\">\n\t\t\t\t\t\t<div class=\"elementor-container elementor-column-gap-default\">\n\t\t\t\t\t<div class=\"elementor-column elementor-col-100 elementor-top-column elementor-element elementor-element-c4ab83a\" data-id=\"c4ab83a\" data-element_type=\"column\" data-e-type=\"column\">\n\t\t\t<div class=\"elementor-widget-wrap elementor-element-populated\">\n\t\t\t\t\t\t<div class=\"elementor-element elementor-element-fd1210c elementor-widget elementor-widget-heading\" data-id=\"fd1210c\" data-element_type=\"widget\" data-e-type=\"widget\" data-widget_type=\"heading.default\">\n\t\t\t\t<div class=\"elementor-widget-container\">\n\t\t\t\t\t<h3 class=\"elementor-heading-title elementor-size-default\"><b>Bourses Olympiques d\u2019\u00e9quipes<\/b><\/h3>\t\t\t\t<\/div>\n\t\t\t\t<\/div>\n\t\t\t\t\t<\/div>\n\t\t<\/div>\n\t\t\t\t\t<\/div>\n\t\t<\/section>\n\t\t\t\t<section class=\"elementor-section elementor-top-section elementor-element elementor-element-9da2381 elementor-section-boxed elementor-section-height-default elementor-section-height-default\" data-id=\"9da2381\" data-element_type=\"section\" data-e-type=\"section\">\n\t\t\t\t\t\t<div class=\"elementor-container elementor-column-gap-default\">\n\t\t\t\t\t<div class=\"elementor-column elementor-col-100 elementor-top-column elementor-element elementor-element-3ccd1b7\" data-id=\"3ccd1b7\" data-element_type=\"column\" data-e-type=\"column\">\n\t\t\t<div class=\"elementor-widget-wrap elementor-element-populated\">\n\t\t\t\t\t\t<div class=\"elementor-element elementor-element-6ce7bb9 elementor-widget elementor-widget-heading\" data-id=\"6ce7bb9\" data-element_type=\"widget\" data-e-type=\"widget\" data-widget_type=\"heading.default\">\n\t\t\t\t<div class=\"elementor-widget-container\">\n\t\t\t\t\t<h3 class=\"elementor-heading-title elementor-size-default\"><b>Formations des entra\u00eeneurs de haut niveau<\/b><\/h3>\t\t\t\t<\/div>\n\t\t\t\t<\/div>\n\t\t\t\t\t<\/div>\n\t\t<\/div>\n\t\t\t\t\t<\/div>\n\t\t<\/section>\n\t\t\t\t<section class=\"elementor-section elementor-top-section elementor-element elementor-element-2c699fc elementor-section-boxed elementor-section-height-default elementor-section-height-default\" data-id=\"2c699fc\" data-element_type=\"section\" data-e-type=\"section\">\n\t\t\t\t\t\t<div class=\"elementor-container elementor-column-gap-default\">\n\t\t\t\t\t<div class=\"elementor-column elementor-col-100 elementor-top-column elementor-element elementor-element-31fde4e\" data-id=\"31fde4e\" data-element_type=\"column\" data-e-type=\"column\">\n\t\t\t<div class=\"elementor-widget-wrap elementor-element-populated\">\n\t\t\t\t\t\t<div class=\"elementor-element elementor-element-360d277 elementor-widget elementor-widget-heading\" data-id=\"360d277\" data-element_type=\"widget\" data-e-type=\"widget\" data-widget_type=\"heading.default\">\n\t\t\t\t<div class=\"elementor-widget-container\">\n\t\t\t\t\t<h3 class=\"elementor-heading-title elementor-size-default\"><b>Bourse d\u2019\u00e9tudes pour la Transition de Carri\u00e8re des Athl\u00e8tes<\/b><\/h3>\t\t\t\t<\/div>\n\t\t\t\t<\/div>\n\t\t\t\t<div class=\"elementor-element elementor-element-dceef18 elementor-widget elementor-widget-text-editor\" data-id=\"dceef18\" data-element_type=\"widget\" data-e-type=\"widget\" data-widget_type=\"text-editor.default\">\n\t\t\t\t<div class=\"elementor-widget-container\">\n\t\t\t\t\t\t\t\t\t<p><strong>Objectif :<\/strong><\/p><ul><li>Accompagner les athl\u00e8tes dans leur reconversion professionnelle avec les comp\u00e9tences et formations n\u00e9cessaires.<\/li><\/ul><p><strong>B\u00e9n\u00e9ficiaires <\/strong><strong>:<\/strong><\/p><ul><li>Priorit\u00e9 aux olympiens, mais ouverts aux participants des JO de la Jeunesse ou comp\u00e9titions internationales.<\/li><\/ul><p><strong>D\u00e9penses couvertes<\/strong><strong> :<\/strong><\/p><ul><li>Frais de scolarit\u00e9 ou formation professionnelle, sur pr\u00e9sentation d\u2019un budget.<\/li><\/ul><p><strong>S\u00e9lection <\/strong><strong>:<\/strong><\/p><ul><li>Par la commission des athl\u00e8tes, valid\u00e9e par le bureau ex\u00e9cutif du CNOS.<\/li><\/ul><p><strong>Exigence<\/strong><strong> :<\/strong><\/p><ul><li>Fournir un rapport technique.<\/li><\/ul>\t\t\t\t\t\t\t\t<\/div>\n\t\t\t\t<\/div>\n\t\t\t\t\t<\/div>\n\t\t<\/div>\n\t\t\t\t\t<\/div>\n\t\t<\/section>\n\t\t\t\t<section class=\"elementor-section elementor-top-section elementor-element elementor-element-37d9ad5 elementor-section-boxed elementor-section-height-default elementor-section-height-default\" data-id=\"37d9ad5\" data-element_type=\"section\" data-e-type=\"section\">\n\t\t\t\t\t\t<div class=\"elementor-container elementor-column-gap-default\">\n\t\t\t\t\t<div class=\"elementor-column elementor-col-100 elementor-top-column elementor-element elementor-element-0f50ca7\" data-id=\"0f50ca7\" data-element_type=\"column\" data-e-type=\"column\">\n\t\t\t<div class=\"elementor-widget-wrap elementor-element-populated\">\n\t\t\t\t\t\t<div class=\"elementor-element elementor-element-0611247 elementor-widget elementor-widget-heading\" data-id=\"0611247\" data-element_type=\"widget\" data-e-type=\"widget\" data-widget_type=\"heading.default\">\n\t\t\t\t<div class=\"elementor-widget-container\">\n\t\t\t\t\t<h3 class=\"elementor-heading-title elementor-size-default\"><b>Bourse olympique pour entraineurs<\/b><\/h3>\t\t\t\t<\/div>\n\t\t\t\t<\/div>\n\t\t\t\t<div class=\"elementor-element elementor-element-c966294 elementor-widget elementor-widget-text-editor\" data-id=\"c966294\" data-element_type=\"widget\" data-e-type=\"widget\" data-widget_type=\"text-editor.default\">\n\t\t\t\t<div class=\"elementor-widget-container\">\n\t\t\t\t\t\t\t\t\t<p><strong>Objectif\u00a0:<\/strong><\/p><p>L\u2019objectif est de renforcer les comp\u00e9tences des entra\u00eeneurs en leur offrant une <strong>formation de haut niveau<\/strong>, afin d\u2019am\u00e9liorer la <strong>qualit\u00e9 du coaching<\/strong> et de contribuer \u00e0 l\u2019<strong>\u00e9l\u00e9vation du niveau d\u2019encadrement<\/strong> au sein du syst\u00e8me sportif national.<\/p><p><strong style=\"text-align: unset;\">B\u00e9n\u00e9ficiaires\u00a0:<\/strong><\/p><p>Pour \u00eatre \u00e9ligible \u00e0 la <strong>bourse olympique<\/strong>, l\u2019entra\u00eeneur doit :<\/p><ul><li>\u00catre issu d\u2019un sport figurant au <strong>programme olympique<\/strong> ;<\/li><li>Avoir une <strong>qualification officielle<\/strong> ou une <strong>exp\u00e9rience \u00e9quivalente<\/strong> reconnue ;<\/li><li>Justifier d\u2019une <strong>exp\u00e9rience pratique<\/strong> au niveau national, r\u00e9gional ou international ;<\/li><li>S\u2019engager \u00e0 <strong>transmettre ses comp\u00e9tences<\/strong> et \u00e0 contribuer au d\u00e9veloppement du sport dans son pays<\/li><\/ul><p><strong>Activit\u00e9s couvertes<\/strong>\u00a0:<\/p><p>Trois options de formation sont propos\u00e9es dans ce programme :<\/p><ul><li><strong>Formation en sciences du sport<\/strong><\/li><\/ul><ul><li style=\"list-style-type: none;\"><ul><li>Bourses individuelles pour suivre une formation dipl\u00f4mante ou certifiante dans des universit\u00e9s ou centres sportifs reconnus.<\/li><li>Le contenu, le format (pr\u00e9sentiel, en ligne, mixte) et l\u2019\u00e9valuation sont d\u00e9finis par l\u2019institution.<\/li><li>Les formations abordent \u00e9galement des th\u00e8mes cl\u00e9s : int\u00e9grit\u00e9 sportive, pr\u00e9vention des abus, \u00e9galit\u00e9, diversit\u00e9, inclusion, pr\u00e9vention des blessures, etc.<\/li><\/ul><\/li><\/ul><ul><li><strong>Formation sp\u00e9cifique au sport<\/strong><\/li><\/ul><ul><li style=\"list-style-type: none;\"><ul><li>Formations techniques destin\u00e9es \u00e0 actualiser les comp\u00e9tences des entra\u00eeneurs dans un sport donn\u00e9.<\/li><li>Organis\u00e9es en collaboration avec les f\u00e9d\u00e9rations Internationales et centres sp\u00e9cialis\u00e9s.<\/li><\/ul><\/li><li><strong>Options propos\u00e9es par les CNO<\/strong><\/li><li style=\"list-style-type: none;\"><ul><li>Les CNOs peuvent recommander d&rsquo;autres \u00e9tablissements ou formations s\u2019ils r\u00e9pondent mieux aux besoins locaux.<\/li><\/ul><\/li><li>Des formations courtes peuvent \u00eatre accept\u00e9es si elles sont bien justifi\u00e9es.<\/li><li style=\"list-style-type: none;\"><ul><li>Les CNO peuvent aussi s\u2019appuyer sur les programmes de d\u00e9veloppement des FI, lorsque disponibles.<\/li><\/ul><\/li><\/ul>\t\t\t\t\t\t\t\t<\/div>\n\t\t\t\t<\/div>\n\t\t\t\t\t<\/div>\n\t\t<\/div>\n\t\t\t\t\t<\/div>\n\t\t<\/section>\n\t\t\t\t<section class=\"elementor-section elementor-top-section elementor-element elementor-element-abfc6c8 elementor-section-boxed elementor-section-height-default elementor-section-height-default\" data-id=\"abfc6c8\" data-element_type=\"section\" data-e-type=\"section\">\n\t\t\t\t\t\t<div class=\"elementor-container elementor-column-gap-default\">\n\t\t\t\t\t<div class=\"elementor-column elementor-col-100 elementor-top-column elementor-element elementor-element-026fe18\" data-id=\"026fe18\" data-element_type=\"column\" data-e-type=\"column\">\n\t\t\t<div class=\"elementor-widget-wrap elementor-element-populated\">\n\t\t\t\t\t\t<div class=\"elementor-element elementor-element-908b407 elementor-widget elementor-widget-heading\" data-id=\"908b407\" data-element_type=\"widget\" data-e-type=\"widget\" data-widget_type=\"heading.default\">\n\t\t\t\t<div class=\"elementor-widget-container\">\n\t\t\t\t\t<h3 class=\"elementor-heading-title elementor-size-default\"><b>D\u00e9veloppement du syst\u00e8me sportif national<\/b><\/h3>\t\t\t\t<\/div>\n\t\t\t\t<\/div>\n\t\t\t\t\t<\/div>\n\t\t<\/div>\n\t\t\t\t\t<\/div>\n\t\t<\/section>\n\t\t\t\t<section class=\"elementor-section elementor-top-section elementor-element elementor-element-a5401d2 elementor-section-boxed elementor-section-height-default elementor-section-height-default\" data-id=\"a5401d2\" data-element_type=\"section\" data-e-type=\"section\">\n\t\t\t\t\t\t<div class=\"elementor-container elementor-column-gap-default\">\n\t\t\t\t\t<div class=\"elementor-column elementor-col-100 elementor-top-column elementor-element elementor-element-af1fc6a\" data-id=\"af1fc6a\" data-element_type=\"column\" data-e-type=\"column\">\n\t\t\t<div class=\"elementor-widget-wrap elementor-element-populated\">\n\t\t\t\t\t\t<div class=\"elementor-element elementor-element-e1557fd elementor-widget elementor-widget-heading\" data-id=\"e1557fd\" data-element_type=\"widget\" data-e-type=\"widget\" data-widget_type=\"heading.default\">\n\t\t\t\t<div class=\"elementor-widget-container\">\n\t\t\t\t\t<h3 class=\"elementor-heading-title elementor-size-default\"><b>Initiatives pour promouvoir les valeurs olympiques<\/b><\/h3>\t\t\t\t<\/div>\n\t\t\t\t<\/div>\n\t\t\t\t\t<\/div>\n\t\t<\/div>\n\t\t\t\t\t<\/div>\n\t\t<\/section>\n\t\t\t\t<section class=\"elementor-section elementor-top-section elementor-element elementor-element-060d35f elementor-section-boxed elementor-section-height-default elementor-section-height-default\" data-id=\"060d35f\" data-element_type=\"section\" data-e-type=\"section\">\n\t\t\t\t\t\t<div class=\"elementor-container elementor-column-gap-default\">\n\t\t\t\t\t<div class=\"elementor-column elementor-col-100 elementor-top-column elementor-element elementor-element-2adb525\" data-id=\"2adb525\" data-element_type=\"column\" data-e-type=\"column\">\n\t\t\t<div class=\"elementor-widget-wrap elementor-element-populated\">\n\t\t\t\t\t\t<div class=\"elementor-element elementor-element-f93295a elementor-widget elementor-widget-heading\" data-id=\"f93295a\" data-element_type=\"widget\" data-e-type=\"widget\" data-widget_type=\"heading.default\">\n\t\t\t\t<div class=\"elementor-widget-container\">\n\t\t\t\t\t<h3 class=\"elementor-heading-title elementor-size-default\"><b>Gestion et partage des connaissances<\/b><\/h3>\t\t\t\t<\/div>\n\t\t\t\t<\/div>\n\t\t\t\t\t<\/div>\n\t\t<\/div>\n\t\t\t\t\t<\/div>\n\t\t<\/section>\n\t\t\t\t<\/div>\n\t\t","protected":false},"excerpt":{"rendered":"<p>Bourses Olympiques individuelles Bourses Olympiques d\u2019\u00e9quipes Formations des entra\u00eeneurs de haut niveau Bourse d\u2019\u00e9tudes pour la Transition de Carri\u00e8re des Athl\u00e8tes Objectif : Accompagner les athl\u00e8tes dans leur reconversion professionnelle avec les comp\u00e9tences et formations n\u00e9cessaires. B\u00e9n\u00e9ficiaires : Priorit\u00e9 aux olympiens, mais ouverts aux participants des JO de la Jeunesse ou comp\u00e9titions internationales. D\u00e9penses couvertes &hellip; <\/p>\n","protected":false},"author":1,"featured_media":23086,"parent":0,"menu_order":0,"comment_status":"closed","ping_status":"closed","template":"","meta":{"footnotes":""},"class_list":["post-22017","page","type-page","status-publish","has-post-thumbnail","hentry","latest_post"],"_links":{"self":[{"href":"https:\/\/cnoss.sn\/index.php?rest_route=\/wp\/v2\/pages\/22017","targetHints":{"allow":["GET"]}}],"collection":[{"href":"https:\/\/cnoss.sn\/index.php?rest_route=\/wp\/v2\/pages"}],"about":[{"href":"https:\/\/cnoss.sn\/index.php?rest_route=\/wp\/v2\/types\/page"}],"author":[{"embeddable":true,"href":"https:\/\/cnoss.sn\/index.php?rest_route=\/wp\/v2\/users\/1"}],"replies":[{"embeddable":true,"href":"https:\/\/cnoss.sn\/index.php?rest_route=%2Fwp%2Fv2%2Fcomments&post=22017"}],"version-history":[{"count":27,"href":"https:\/\/cnoss.sn\/index.php?rest_route=\/wp\/v2\/pages\/22017\/revisions"}],"predecessor-version":[{"id":23998,"href":"https:\/\/cnoss.sn\/index.php?rest_route=\/wp\/v2\/pages\/22017\/revisions\/23998"}],"wp:featuredmedia":[{"embeddable":true,"href":"https:\/\/cnoss.sn\/index.php?rest_route=\/wp\/v2\/media\/23086"}],"wp:attachment":[{"href":"https:\/\/cnoss.sn\/index.php?rest_route=%2Fwp%2Fv2%2Fmedia&parent=22017"}],"curies":[{"name":"wp","href":"https:\/\/api.w.org\/{rel}","templated":true}]}}